{"id":76,"date":"2024-12-30T16:01:21","date_gmt":"2024-12-30T15:01:21","guid":{"rendered":"https:\/\/2notesdown.de\/?page_id=76"},"modified":"2025-01-06T14:23:55","modified_gmt":"2025-01-06T13:23:55","slug":"duo","status":"publish","type":"page","link":"https:\/\/2notesdown.de\/index.php\/duo\/","title":{"rendered":"Duo"},"content":{"rendered":"\t\t<div data-elementor-type=\"wp-page\" data-elementor-id=\"76\" class=\"elementor elementor-76\">\n\t\t\t\t<div class=\"elementor-element elementor-element-3d695f6 e-flex e-con-boxed wpr-particle-no wpr-jarallax-no wpr-parallax-no wpr-sticky-section-no e-con e-parent\" data-id=\"3d695f6\" data-element_type=\"container\" data-e-type=\"container\" data-settings=\"{&quot;background_background&quot;:&quot;classic&quot;}\">\n\t\t\t\t\t<div class=\"e-con-inner\">\n\t\t<div class=\"elementor-element elementor-element-82dacb0 e-con-full e-flex wpr-particle-no wpr-jarallax-no wpr-parallax-no wpr-sticky-section-no e-con e-child\" data-id=\"82dacb0\" data-element_type=\"container\" data-e-type=\"container\">\n\t\t\t\t<div class=\"elementor-element elementor-element-cf12a6b elementor-widget elementor-widget-spacer\" data-id=\"cf12a6b\" data-element_type=\"widget\" data-e-type=\"widget\" data-widget_type=\"spacer.default\">\n\t\t\t\t<div class=\"elementor-widget-container\">\n\t\t\t\t\t\t\t<div class=\"elementor-spacer\">\n\t\t\t<div class=\"elementor-spacer-inner\"><\/div>\n\t\t<\/div>\n\t\t\t\t\t\t<\/div>\n\t\t\t\t<\/div>\n\t\t\t\t<div class=\"elementor-element elementor-element-dc515b8 elementor-widget elementor-widget-text-editor\" data-id=\"dc515b8\" data-element_type=\"widget\" data-e-type=\"widget\" data-widget_type=\"text-editor.default\">\n\t\t\t\t<div class=\"elementor-widget-container\">\n\t\t\t\t\t\t\t\t\t<h1>Das Duo<\/h1><p>Eine Verkettung gl\u00fccklicher Umst\u00e4nde brachte die beiden im Rahmen einer kleinen musikalischen Einlage auf einer Geburtstagsfeier im Jahre 2021 zusammen. Schnell wurde klar, dass hier zusammen fand, was zusammen geh\u00f6rt &#8211; n\u00e4mlich der Spa\u00df an guten Songs und deren Darbietung mit eigener &#8211; insbesondere tiefer &#8211; Note.<\/p><p>Einigkeit \u00fcber die musikalische Stilrichtung wurde schnell erzielt, erste gemeinsame Proben f\u00fchrten in erstaunlich kurzer Zeit zu ebenso erstaunlich guten Ergebnissen und einer ansehnlichen Setliste.<\/p><p>Ein Name wurde auch gefunden, erste kleine Auftritte folgten, die Resonanz des Publikums war vielversprechend &#8230; das Duo 2NotesDown war gegr\u00fcndet.<\/p>\t\t\t\t\t\t\t\t<\/div>\n\t\t\t\t<\/div>\n\t\t\t\t<div class=\"elementor-element elementor-element-f0c4a40 elementor-widget elementor-widget-spacer\" data-id=\"f0c4a40\" data-element_type=\"widget\" data-e-type=\"widget\" data-widget_type=\"spacer.default\">\n\t\t\t\t<div class=\"elementor-widget-container\">\n\t\t\t\t\t\t\t<div class=\"elementor-spacer\">\n\t\t\t<div class=\"elementor-spacer-inner\"><\/div>\n\t\t<\/div>\n\t\t\t\t\t\t<\/div>\n\t\t\t\t<\/div>\n\t\t\t\t<\/div>\n\t\t<div class=\"elementor-element elementor-element-9b14a04 e-con-full e-flex wpr-particle-no wpr-jarallax-no wpr-parallax-no wpr-sticky-section-no e-con e-child\" data-id=\"9b14a04\" data-element_type=\"container\" data-e-type=\"container\">\n\t\t\t\t<div class=\"elementor-element elementor-element-1dfaa99 elementor-widget elementor-widget-spacer\" data-id=\"1dfaa99\" data-element_type=\"widget\" data-e-type=\"widget\" data-widget_type=\"spacer.default\">\n\t\t\t\t<div class=\"elementor-widget-container\">\n\t\t\t\t\t\t\t<div class=\"elementor-spacer\">\n\t\t\t<div class=\"elementor-spacer-inner\"><\/div>\n\t\t<\/div>\n\t\t\t\t\t\t<\/div>\n\t\t\t\t<\/div>\n\t\t\t\t<div class=\"elementor-element elementor-element-ace3449 elementor-widget elementor-widget-image\" data-id=\"ace3449\" data-element_type=\"widget\" data-e-type=\"widget\" data-widget_type=\"image.default\">\n\t\t\t\t<div class=\"elementor-widget-container\">\n\t\t\t\t\t\t\t\t\t\t\t\t\t\t\t<img fetchpriority=\"high\" decoding=\"async\" width=\"1024\" height=\"683\" src=\"https:\/\/2notesdown.de\/wp-content\/uploads\/2024\/12\/Bild_Duo_1-1024x683.jpg\" class=\"attachment-large size-large wp-image-103\" alt=\"\" srcset=\"https:\/\/2notesdown.de\/wp-content\/uploads\/2024\/12\/Bild_Duo_1-1024x683.jpg 1024w, https:\/\/2notesdown.de\/wp-content\/uploads\/2024\/12\/Bild_Duo_1-300x200.jpg 300w, https:\/\/2notesdown.de\/wp-content\/uploads\/2024\/12\/Bild_Duo_1-768x512.jpg 768w, https:\/\/2notesdown.de\/wp-content\/uploads\/2024\/12\/Bild_Duo_1-1000x667.jpg 1000w, https:\/\/2notesdown.de\/wp-content\/uploads\/2024\/12\/Bild_Duo_1-230x153.jpg 230w, https:\/\/2notesdown.de\/wp-content\/uploads\/2024\/12\/Bild_Duo_1-350x233.jpg 350w, https:\/\/2notesdown.de\/wp-content\/uploads\/2024\/12\/Bild_Duo_1-480x320.jpg 480w, https:\/\/2notesdown.de\/wp-content\/uploads\/2024\/12\/Bild_Duo_1.jpg 1530w\" sizes=\"(max-width: 1024px) 100vw, 1024px\" \/>\t\t\t\t\t\t\t\t\t\t\t\t\t\t\t<\/div>\n\t\t\t\t<\/div>\n\t\t\t\t<div class=\"elementor-element elementor-element-b64f20f elementor-widget elementor-widget-image\" data-id=\"b64f20f\" data-element_type=\"widget\" data-e-type=\"widget\" data-widget_type=\"image.default\">\n\t\t\t\t<div class=\"elementor-widget-container\">\n\t\t\t\t\t\t\t\t\t\t\t\t\t\t\t<img decoding=\"async\" width=\"1024\" height=\"683\" src=\"https:\/\/2notesdown.de\/wp-content\/uploads\/2024\/12\/Bild_Duo_2-1024x683.jpg\" class=\"attachment-large size-large wp-image-104\" alt=\"\" srcset=\"https:\/\/2notesdown.de\/wp-content\/uploads\/2024\/12\/Bild_Duo_2-1024x683.jpg 1024w, https:\/\/2notesdown.de\/wp-content\/uploads\/2024\/12\/Bild_Duo_2-300x200.jpg 300w, https:\/\/2notesdown.de\/wp-content\/uploads\/2024\/12\/Bild_Duo_2-768x512.jpg 768w, https:\/\/2notesdown.de\/wp-content\/uploads\/2024\/12\/Bild_Duo_2-1000x667.jpg 1000w, https:\/\/2notesdown.de\/wp-content\/uploads\/2024\/12\/Bild_Duo_2-230x153.jpg 230w, https:\/\/2notesdown.de\/wp-content\/uploads\/2024\/12\/Bild_Duo_2-350x233.jpg 350w, https:\/\/2notesdown.de\/wp-content\/uploads\/2024\/12\/Bild_Duo_2-480x320.jpg 480w, https:\/\/2notesdown.de\/wp-content\/uploads\/2024\/12\/Bild_Duo_2.jpg 1530w\" sizes=\"(max-width: 1024px) 100vw, 1024px\" \/>\t\t\t\t\t\t\t\t\t\t\t\t\t\t\t<\/div>\n\t\t\t\t<\/div>\n\t\t\t\t<div class=\"elementor-element elementor-element-7959130 elementor-widget elementor-widget-spacer\" data-id=\"7959130\" data-element_type=\"widget\" data-e-type=\"widget\" data-widget_type=\"spacer.default\">\n\t\t\t\t<div class=\"elementor-widget-container\">\n\t\t\t\t\t\t\t<div class=\"elementor-spacer\">\n\t\t\t<div class=\"elementor-spacer-inner\"><\/div>\n\t\t<\/div>\n\t\t\t\t\t\t<\/div>\n\t\t\t\t<\/div>\n\t\t\t\t<\/div>\n\t\t\t\t\t<\/div>\n\t\t\t\t<\/div>\n\t\t<div class=\"elementor-element elementor-element-496e572 e-flex e-con-boxed wpr-particle-no wpr-jarallax-no wpr-parallax-no wpr-sticky-section-no e-con e-parent\" data-id=\"496e572\" data-element_type=\"container\" data-e-type=\"container\" data-settings=\"{&quot;background_background&quot;:&quot;classic&quot;}\">\n\t\t\t\t\t<div class=\"e-con-inner\">\n\t\t<div class=\"elementor-element elementor-element-fc6cb28 e-con-full e-flex wpr-particle-no wpr-jarallax-no wpr-parallax-no wpr-sticky-section-no e-con e-child\" data-id=\"fc6cb28\" data-element_type=\"container\" data-e-type=\"container\">\n\t\t\t\t<div class=\"elementor-element elementor-element-6ecf7b2 elementor-widget elementor-widget-spacer\" data-id=\"6ecf7b2\" data-element_type=\"widget\" data-e-type=\"widget\" data-widget_type=\"spacer.default\">\n\t\t\t\t<div class=\"elementor-widget-container\">\n\t\t\t\t\t\t\t<div class=\"elementor-spacer\">\n\t\t\t<div class=\"elementor-spacer-inner\"><\/div>\n\t\t<\/div>\n\t\t\t\t\t\t<\/div>\n\t\t\t\t<\/div>\n\t\t\t\t<div class=\"elementor-element elementor-element-6bea362 elementor-widget elementor-widget-text-editor\" data-id=\"6bea362\" data-element_type=\"widget\" data-e-type=\"widget\" data-widget_type=\"text-editor.default\">\n\t\t\t\t<div class=\"elementor-widget-container\">\n\t\t\t\t\t\t\t\t\t<h1>Heath McDonald<\/h1><p>Der Wahl-Schaephuysener mit amerikanischen Wurzeln und schottischen Vorfahren ist eine echte stimmliche Urgewalt. Seit vielen Jahren ist er in diversen Ch\u00f6ren als Bass- und Solo-S\u00e4nger t\u00e4tig und fasziniert dort regelm\u00e4\u00dfig die Zuh\u00f6rer mit seinem durchdringenden Tiefbass.<\/p><p>Die Zusammenarbeit mit Uli bei <em>2NotesDown<\/em> bringt nun eine ganz neue Note in sein musikalisches Leben. Die Auftritte als Duo bieten ihm neue M\u00f6glichkeiten, alle Facetten seines musikalischen K\u00f6nnens auszuspielen. Er singt nun nicht nur im Bass, sondern bewegt sich auch in h\u00f6heren Tonlagen und zeigt seinen erheblichen Stimmumfang.<\/p><p>In der Kombination mit Uli ergibt sich daraus ein spannendes und abwechslungsreiches Programm, das das Publikum immer wieder \u00fcberrascht und begeistert.<\/p>\t\t\t\t\t\t\t\t<\/div>\n\t\t\t\t<\/div>\n\t\t\t\t<div class=\"elementor-element elementor-element-6950e80 elementor-widget elementor-widget-spacer\" data-id=\"6950e80\" data-element_type=\"widget\" data-e-type=\"widget\" data-widget_type=\"spacer.default\">\n\t\t\t\t<div class=\"elementor-widget-container\">\n\t\t\t\t\t\t\t<div class=\"elementor-spacer\">\n\t\t\t<div class=\"elementor-spacer-inner\"><\/div>\n\t\t<\/div>\n\t\t\t\t\t\t<\/div>\n\t\t\t\t<\/div>\n\t\t\t\t<\/div>\n\t\t<div class=\"elementor-element elementor-element-b91dbe1 e-con-full e-flex wpr-particle-no wpr-jarallax-no wpr-parallax-no wpr-sticky-section-no e-con e-child\" data-id=\"b91dbe1\" data-element_type=\"container\" data-e-type=\"container\">\n\t\t\t\t<div class=\"elementor-element elementor-element-fdedabf elementor-widget elementor-widget-spacer\" data-id=\"fdedabf\" data-element_type=\"widget\" data-e-type=\"widget\" data-widget_type=\"spacer.default\">\n\t\t\t\t<div class=\"elementor-widget-container\">\n\t\t\t\t\t\t\t<div class=\"elementor-spacer\">\n\t\t\t<div class=\"elementor-spacer-inner\"><\/div>\n\t\t<\/div>\n\t\t\t\t\t\t<\/div>\n\t\t\t\t<\/div>\n\t\t\t\t<div class=\"elementor-element elementor-element-ab8f508 elementor-widget elementor-widget-image\" data-id=\"ab8f508\" data-element_type=\"widget\" data-e-type=\"widget\" data-widget_type=\"image.default\">\n\t\t\t\t<div class=\"elementor-widget-container\">\n\t\t\t\t\t\t\t\t\t\t\t\t\t\t\t<img decoding=\"async\" width=\"680\" height=\"1020\" src=\"https:\/\/2notesdown.de\/wp-content\/uploads\/2024\/12\/Bild_Heath.jpg\" class=\"attachment-large size-large wp-image-106\" alt=\"\" srcset=\"https:\/\/2notesdown.de\/wp-content\/uploads\/2024\/12\/Bild_Heath.jpg 680w, https:\/\/2notesdown.de\/wp-content\/uploads\/2024\/12\/Bild_Heath-200x300.jpg 200w, https:\/\/2notesdown.de\/wp-content\/uploads\/2024\/12\/Bild_Heath-230x345.jpg 230w, https:\/\/2notesdown.de\/wp-content\/uploads\/2024\/12\/Bild_Heath-350x525.jpg 350w, https:\/\/2notesdown.de\/wp-content\/uploads\/2024\/12\/Bild_Heath-480x720.jpg 480w\" sizes=\"(max-width: 680px) 100vw, 680px\" \/>\t\t\t\t\t\t\t\t\t\t\t\t\t\t\t<\/div>\n\t\t\t\t<\/div>\n\t\t\t\t<div class=\"elementor-element elementor-element-8254304 elementor-widget elementor-widget-spacer\" data-id=\"8254304\" data-element_type=\"widget\" data-e-type=\"widget\" data-widget_type=\"spacer.default\">\n\t\t\t\t<div class=\"elementor-widget-container\">\n\t\t\t\t\t\t\t<div class=\"elementor-spacer\">\n\t\t\t<div class=\"elementor-spacer-inner\"><\/div>\n\t\t<\/div>\n\t\t\t\t\t\t<\/div>\n\t\t\t\t<\/div>\n\t\t\t\t<\/div>\n\t\t\t\t\t<\/div>\n\t\t\t\t<\/div>\n\t\t<div class=\"elementor-element elementor-element-c775c39 e-flex e-con-boxed wpr-particle-no wpr-jarallax-no wpr-parallax-no wpr-sticky-section-no e-con e-parent\" data-id=\"c775c39\" data-element_type=\"container\" data-e-type=\"container\" data-settings=\"{&quot;background_background&quot;:&quot;classic&quot;}\">\n\t\t\t\t\t<div class=\"e-con-inner\">\n\t\t<div class=\"elementor-element elementor-element-b485dbf e-con-full e-flex wpr-particle-no wpr-jarallax-no wpr-parallax-no wpr-sticky-section-no e-con e-child\" data-id=\"b485dbf\" data-element_type=\"container\" data-e-type=\"container\">\n\t\t\t\t<div class=\"elementor-element elementor-element-9c0e7dd elementor-widget elementor-widget-spacer\" data-id=\"9c0e7dd\" data-element_type=\"widget\" data-e-type=\"widget\" data-widget_type=\"spacer.default\">\n\t\t\t\t<div class=\"elementor-widget-container\">\n\t\t\t\t\t\t\t<div class=\"elementor-spacer\">\n\t\t\t<div class=\"elementor-spacer-inner\"><\/div>\n\t\t<\/div>\n\t\t\t\t\t\t<\/div>\n\t\t\t\t<\/div>\n\t\t\t\t<div class=\"elementor-element elementor-element-44a314d elementor-widget elementor-widget-text-editor\" data-id=\"44a314d\" data-element_type=\"widget\" data-e-type=\"widget\" data-widget_type=\"text-editor.default\">\n\t\t\t\t<div class=\"elementor-widget-container\">\n\t\t\t\t\t\t\t\t\t<h1>Ulrich Suhre<\/h1><p>Der Vluyner mit rheinischen Wurzeln aus der N\u00e4he von K\u00f6ln ist bereits seit seiner Jugend ein begeisterter Gitarrenspieler. Anfangs mit klassischer Kost auf der Konzertgitarre, sp\u00e4ter dann im Bereich Rock, Blues und Jazz auf der Western- und E-Gitarre.<\/p><p>Inzwischen ist der Wahl-Niederrheiner nun schon seit vielen Jahren in verschiedenen Hobby-Bands als Gitarrist und Background-S\u00e4nger unterwegs.<\/p><p>Durch das auf ein Minimum &#8211; zwei Stimmen und eine Gitarre &#8211; reduzierte Setting bei <em>2NotesDown <\/em>kommt der Gitarrenbegleitung eine besondere Bedeutung zu. Uli stellt mit seiner Gitarre das R\u00fcckgrat des Duos dar, indem er neben einem m\u00f6glichst ausgefeilten Akkordspiel den Rhythmus sowie die eine oder andere Solo-Einlage beisteuert, um die Musik von <em>2NotesDown<\/em>\u00a0m\u00f6glichst interessant und abwechslungsreich zu gestalten.<\/p><p>Mit Gitarrenspiel und Harmoniegesang schafft er die perfekte Erg\u00e4nzung zur Stimme von Heath.<\/p>\t\t\t\t\t\t\t\t<\/div>\n\t\t\t\t<\/div>\n\t\t\t\t<div class=\"elementor-element elementor-element-4cafcd2 elementor-widget elementor-widget-spacer\" data-id=\"4cafcd2\" data-element_type=\"widget\" data-e-type=\"widget\" data-widget_type=\"spacer.default\">\n\t\t\t\t<div class=\"elementor-widget-container\">\n\t\t\t\t\t\t\t<div class=\"elementor-spacer\">\n\t\t\t<div class=\"elementor-spacer-inner\"><\/div>\n\t\t<\/div>\n\t\t\t\t\t\t<\/div>\n\t\t\t\t<\/div>\n\t\t\t\t<\/div>\n\t\t<div class=\"elementor-element elementor-element-f4ffb3f e-con-full e-flex wpr-particle-no wpr-jarallax-no wpr-parallax-no wpr-sticky-section-no e-con e-child\" data-id=\"f4ffb3f\" data-element_type=\"container\" data-e-type=\"container\">\n\t\t\t\t<div class=\"elementor-element elementor-element-466a43f elementor-widget elementor-widget-spacer\" data-id=\"466a43f\" data-element_type=\"widget\" data-e-type=\"widget\" data-widget_type=\"spacer.default\">\n\t\t\t\t<div class=\"elementor-widget-container\">\n\t\t\t\t\t\t\t<div class=\"elementor-spacer\">\n\t\t\t<div class=\"elementor-spacer-inner\"><\/div>\n\t\t<\/div>\n\t\t\t\t\t\t<\/div>\n\t\t\t\t<\/div>\n\t\t\t\t<div class=\"elementor-element elementor-element-6b9ff9b elementor-widget elementor-widget-image\" data-id=\"6b9ff9b\" data-element_type=\"widget\" data-e-type=\"widget\" data-widget_type=\"image.default\">\n\t\t\t\t<div class=\"elementor-widget-container\">\n\t\t\t\t\t\t\t\t\t\t\t\t\t\t\t<img loading=\"lazy\" decoding=\"async\" width=\"680\" height=\"1020\" src=\"https:\/\/2notesdown.de\/wp-content\/uploads\/2024\/12\/Bild_Uli.jpg\" class=\"attachment-large size-large wp-image-107\" alt=\"\" srcset=\"https:\/\/2notesdown.de\/wp-content\/uploads\/2024\/12\/Bild_Uli.jpg 680w, https:\/\/2notesdown.de\/wp-content\/uploads\/2024\/12\/Bild_Uli-200x300.jpg 200w, https:\/\/2notesdown.de\/wp-content\/uploads\/2024\/12\/Bild_Uli-230x345.jpg 230w, https:\/\/2notesdown.de\/wp-content\/uploads\/2024\/12\/Bild_Uli-350x525.jpg 350w, https:\/\/2notesdown.de\/wp-content\/uploads\/2024\/12\/Bild_Uli-480x720.jpg 480w\" sizes=\"(max-width: 680px) 100vw, 680px\" \/>\t\t\t\t\t\t\t\t\t\t\t\t\t\t\t<\/div>\n\t\t\t\t<\/div>\n\t\t\t\t<div class=\"elementor-element elementor-element-326094d elementor-widget elementor-widget-spacer\" data-id=\"326094d\" data-element_type=\"widget\" data-e-type=\"widget\" data-widget_type=\"spacer.default\">\n\t\t\t\t<div class=\"elementor-widget-container\">\n\t\t\t\t\t\t\t<div class=\"elementor-spacer\">\n\t\t\t<div class=\"elementor-spacer-inner\"><\/div>\n\t\t<\/div>\n\t\t\t\t\t\t<\/div>\n\t\t\t\t<\/div>\n\t\t\t\t<\/div>\n\t\t\t\t\t<\/div>\n\t\t\t\t<\/div>\n\t\t\t\t<\/div>\n\t\t","protected":false},"excerpt":{"rendered":"<p>Das Duo Eine Verkettung gl\u00fccklicher Umst\u00e4nde brachte die beiden im Rahmen einer kleinen musikalischen Einlage auf einer Geburtstagsfeier im Jahre 2021 zusammen.<\/p>\n","protected":false},"author":2,"featured_media":0,"parent":0,"menu_order":0,"comment_status":"closed","ping_status":"closed","template":"page-templates\/page_front-page.php","meta":{"footnotes":""},"class_list":["post-76","page","type-page","status-publish","hentry"],"_links":{"self":[{"href":"https:\/\/2notesdown.de\/index.php\/wp-json\/wp\/v2\/pages\/76","targetHints":{"allow":["GET"]}}],"collection":[{"href":"https:\/\/2notesdown.de\/index.php\/wp-json\/wp\/v2\/pages"}],"about":[{"href":"https:\/\/2notesdown.de\/index.php\/wp-json\/wp\/v2\/types\/page"}],"author":[{"embeddable":true,"href":"https:\/\/2notesdown.de\/index.php\/wp-json\/wp\/v2\/users\/2"}],"replies":[{"embeddable":true,"href":"https:\/\/2notesdown.de\/index.php\/wp-json\/wp\/v2\/comments?post=76"}],"version-history":[{"count":22,"href":"https:\/\/2notesdown.de\/index.php\/wp-json\/wp\/v2\/pages\/76\/revisions"}],"predecessor-version":[{"id":245,"href":"https:\/\/2notesdown.de\/index.php\/wp-json\/wp\/v2\/pages\/76\/revisions\/245"}],"wp:attachment":[{"href":"https:\/\/2notesdown.de\/index.php\/wp-json\/wp\/v2\/media?parent=76"}],"curies":[{"name":"wp","href":"https:\/\/api.w.org\/{rel}","templated":true}]}}